{"id":67,"date":"2026-02-06T18:33:08","date_gmt":"2026-02-06T21:33:08","guid":{"rendered":"http:\/\/mazzuia.com.br\/?page_id=67"},"modified":"2026-02-06T19:41:01","modified_gmt":"2026-02-06T22:41:01","slug":"mazzuia-engenharia","status":"publish","type":"page","link":"https:\/\/mazzuia.com.br\/","title":{"rendered":""},"content":{"rendered":"\n<div class=\"wp-block-group alignfull has-global-padding is-layout-constrained wp-container-core-group-is-layout-490fa1db wp-block-group-is-layout-constrained\" style=\"padding-top:var(--wp--preset--spacing--50);padding-right:var(--wp--preset--spacing--50);padding-bottom:var(--wp--preset--spacing--50);padding-left:var(--wp--preset--spacing--50)\">\n<div class=\"wp-block-group has-global-padding is-layout-constrained wp-container-core-group-is-layout-650790e1 wp-block-group-is-layout-constrained\">\n<figure class=\"wp-block-image aligncenter size-full is-resized\"><img loading=\"lazy\" decoding=\"async\" width=\"512\" height=\"512\" src=\"http:\/\/mazzuia.com.br\/wp-content\/uploads\/2018\/06\/cropped-cropped-LOGO-copy.png\" alt=\"\" class=\"wp-image-27\" style=\"width:101px;height:auto\" srcset=\"https:\/\/mazzuia.com.br\/wp-content\/uploads\/2018\/06\/cropped-cropped-LOGO-copy.png 512w, https:\/\/mazzuia.com.br\/wp-content\/uploads\/2018\/06\/cropped-cropped-LOGO-copy-150x150.png 150w, https:\/\/mazzuia.com.br\/wp-content\/uploads\/2018\/06\/cropped-cropped-LOGO-copy-300x300.png 300w\" sizes=\"auto, (max-width: 512px) 100vw, 512px\" \/><\/figure>\n\n\n\n<h1 class=\"wp-block-heading has-text-align-center has-x-large-font-size\">Engenharia completa para Sorocaba e Regi\u00e3o<\/h1>\n\n\n\n<div style=\"height:1.25rem\" aria-hidden=\"true\" class=\"wp-block-spacer\"><\/div>\n\n\n\n<p class=\"has-text-align-center\">Projetos, manuten\u00e7\u00e3o preventiva e laudos t\u00e9cnicos nas \u00e1reas El\u00e9trica, Mec\u00e2nica e Civil \u2014 com mais de 30 anos de experi\u00eancia em ambientes industriais, comerciais e residenciais.<\/p>\n\n\n\n<div style=\"height:1.25rem\" aria-hidden=\"true\" class=\"wp-block-spacer\"><\/div>\n\n\n\n<div class=\"wp-block-buttons is-content-justification-center is-layout-flex wp-container-core-buttons-is-layout-a89b3969 wp-block-buttons-is-layout-flex\">\n<div class=\"wp-block-button\"><a class=\"wp-block-button__link wp-element-button\" href=\"https:\/\/wa.me\/5515997980054?text=Ol%C3%A1%2C%20vi%20seu%20contato%20no%20site.%20Gostaria%20de%20solicitar%20um%20or%C3%A7amento\">Solicitar or\u00e7amento<\/a><\/div>\n<\/div>\n<\/div>\n\n\n\n<div style=\"height:var(--wp--preset--spacing--30)\" aria-hidden=\"true\" class=\"wp-block-spacer\"><\/div>\n\n\n\n<figure class=\"wp-block-image alignwide size-full is-style-rounded is-style-rounded--1\"><img loading=\"lazy\" decoding=\"async\" width=\"1536\" height=\"1024\" src=\"http:\/\/mazzuia.com.br\/wp-content\/uploads\/2026\/02\/ChatGPT-Image-6-de-fev.-de-2026-17_44_40.png\" alt=\"\" class=\"wp-image-62\" srcset=\"https:\/\/mazzuia.com.br\/wp-content\/uploads\/2026\/02\/ChatGPT-Image-6-de-fev.-de-2026-17_44_40.png 1536w, https:\/\/mazzuia.com.br\/wp-content\/uploads\/2026\/02\/ChatGPT-Image-6-de-fev.-de-2026-17_44_40-300x200.png 300w, https:\/\/mazzuia.com.br\/wp-content\/uploads\/2026\/02\/ChatGPT-Image-6-de-fev.-de-2026-17_44_40-1024x683.png 1024w, https:\/\/mazzuia.com.br\/wp-content\/uploads\/2026\/02\/ChatGPT-Image-6-de-fev.-de-2026-17_44_40-768x512.png 768w\" sizes=\"auto, (max-width: 1536px) 100vw, 1536px\" \/><\/figure>\n<\/div>\n\n\n\n<div class=\"wp-block-group alignfull has-base-2-background-color has-background has-global-padding is-layout-constrained wp-container-core-group-is-layout-669513ed wp-block-group-is-layout-constrained\" style=\"margin-top:0;margin-bottom:0;padding-top:var(--wp--preset--spacing--50);padding-right:var(--wp--preset--spacing--50);padding-bottom:var(--wp--preset--spacing--50);padding-left:var(--wp--preset--spacing--50)\">\n<div class=\"wp-block-group is-vertical is-content-justification-center is-layout-flex wp-container-core-group-is-layout-52b864f0 wp-block-group-is-layout-flex\">\n<h2 class=\"wp-block-heading has-text-align-center is-style-asterisk\">Tradi\u00e7\u00e3o, responsabilidade e engenharia de ponta<\/h2>\n\n\n\n<div style=\"height:0px\" aria-hidden=\"true\" class=\"wp-block-spacer wp-container-content-4f2ccadb\"><\/div>\n\n\n\n<p class=\"has-text-align-center\">A Mazzuia \u00e9 uma empresa familiar iniciada em agosto de 2017, formada por engenheiros com mais de 30 anos de experi\u00eancia no mercado.<\/p>\n\n\n\n<div style=\"margin-top:0;margin-bottom:0;height:0px\" aria-hidden=\"true\" class=\"wp-block-spacer wp-container-content-9d1f8957\"><\/div>\n\n\n\n<p class=\"has-text-align-center\">Atuamos com <strong>projetos, coordena\u00e7\u00e3o e supervis\u00e3o de montagem<\/strong>, manuten\u00e7\u00e3o preventiva e <strong>laudos t\u00e9cnicos<\/strong> em f\u00e1bricas, restaurantes, resid\u00eancias e espa\u00e7os corporativos.<\/p>\n\n\n\n<div style=\"margin-top:0;margin-bottom:0;height:0px\" aria-hidden=\"true\" class=\"wp-block-spacer wp-container-content-9d1f8957\"><\/div>\n\n\n\n<p class=\"has-text-align-center\">Nossa atua\u00e7\u00e3o une conhecimento t\u00e9cnico, planejamento e execu\u00e7\u00e3o respons\u00e1vel, sempre com foco em <strong>seguran\u00e7a, efici\u00eancia e durabilidade<\/strong><\/p>\n<\/div>\n<\/div>\n\n\n\n<div class=\"wp-block-group alignfull has-base-2-background-color has-background has-global-padding is-layout-constrained wp-container-core-group-is-layout-669513ed wp-block-group-is-layout-constrained\" style=\"margin-top:0;margin-bottom:0;padding-top:var(--wp--preset--spacing--50);padding-right:var(--wp--preset--spacing--50);padding-bottom:var(--wp--preset--spacing--50);padding-left:var(--wp--preset--spacing--50)\">\n<div class=\"wp-block-group is-vertical is-content-justification-center is-layout-flex wp-container-core-group-is-layout-52b864f0 wp-block-group-is-layout-flex\">\n<h2 class=\"wp-block-heading has-text-align-center is-style-asterisk\">Solu\u00e7\u00f5es completas para empresas e resid\u00eancias<\/h2>\n\n\n\n<div style=\"height:0px\" aria-hidden=\"true\" class=\"wp-block-spacer wp-container-content-4f2ccadb\"><\/div>\n\n\n\n<p class=\"has-text-align-center\">Atendemos demandas industriais, comerciais e residenciais, com atua\u00e7\u00e3o estrat\u00e9gica para reduzir custos, aumentar a seguran\u00e7a e garantir conformidade t\u00e9cnica.<\/p>\n<\/div>\n\n\n\n<div style=\"margin-top:0;margin-bottom:0;height:var(--wp--preset--spacing--40)\" aria-hidden=\"true\" class=\"wp-block-spacer\"><\/div>\n\n\n\n<div class=\"wp-block-columns alignwide is-layout-flex wp-container-core-columns-is-layout-d0bbbce0 wp-block-columns-is-layout-flex\">\n<div class=\"wp-block-column is-layout-flow wp-container-core-column-is-layout-e3d1c41b wp-block-column-is-layout-flow\">\n<h3 class=\"wp-block-heading has-text-align-left is-style-asterisk has-body-font-family has-medium-font-size\" style=\"font-style:normal;font-weight:600\">El\u00e9trica<\/h3>\n\n\n\n<p class=\"has-text-align-left\">Levantamento, an\u00e1lise e plano de distribui\u00e7\u00e3o de cargas<\/p>\n\n\n\n<p>Laudos com certificado e <strong>ART<\/strong> para cr\u00e9dito de <strong>ICMS<\/strong> em ind\u00fastrias<\/p>\n\n\n\n<p>Corre\u00e7\u00e3o de fator de pot\u00eancia<\/p>\n\n\n\n<p>Prote\u00e7\u00e3o contra descargas atmosf\u00e9ricas e sistemas de aterramento<\/p>\n\n\n\n<p>Laudos de inspe\u00e7\u00e3o termogr\u00e1fica e de aterramento<\/p>\n<\/div>\n\n\n\n<div class=\"wp-block-column is-layout-flow wp-container-core-column-is-layout-e3d1c41b wp-block-column-is-layout-flow\">\n<h3 class=\"wp-block-heading has-text-align-left is-style-asterisk has-body-font-family has-medium-font-size\" style=\"font-style:normal;font-weight:600\"> Ilumina\u00e7\u00e3o<\/h3>\n\n\n\n<p class=\"has-text-align-left\">Projetos de ilumina\u00e7\u00e3o e an\u00e1lise de fluxo luminoso<\/p>\n\n\n\n<p>Gest\u00e3o e instala\u00e7\u00e3o de <strong>pain\u00e9is de LED<\/strong> <\/p>\n\n\n\n<p>Consutoria em pain\u00e9is de LED: orienta\u00e7\u00e3o para escolha de tecnologia (indoor\/outdoor), pitch e resolu\u00e7\u00e3o<\/p>\n\n\n\n<p><\/p>\n<\/div>\n\n\n\n<div class=\"wp-block-column is-layout-flow wp-container-core-column-is-layout-e3d1c41b wp-block-column-is-layout-flow\">\n<h3 class=\"wp-block-heading has-text-align-left is-style-asterisk has-body-font-family has-medium-font-size\" style=\"font-style:normal;font-weight:600\">Civil<\/h3>\n\n\n\n<p class=\"has-text-align-left\">Inspe\u00e7\u00e3o de materiais<\/p>\n\n\n\n<p>Parecer \/ assist\u00eancia t\u00e9cnica para processos judiciais e administrativos<\/p>\n\n\n\n<p>Levantamento cartogr\u00e1fico<\/p>\n\n\n\n<p>Relat\u00f3rio de inspe\u00e7\u00e3o de materiais de acabamento e revestimento<\/p>\n<\/div>\n<\/div>\n\n\n\n<div style=\"height:var(--wp--preset--spacing--20)\" aria-hidden=\"true\" class=\"wp-block-spacer\"><\/div>\n\n\n\n<div class=\"wp-block-columns alignwide is-layout-flex wp-container-core-columns-is-layout-d0bbbce0 wp-block-columns-is-layout-flex\">\n<div class=\"wp-block-column is-layout-flow wp-container-core-column-is-layout-e3d1c41b wp-block-column-is-layout-flow\">\n<h3 class=\"wp-block-heading has-text-align-left is-style-asterisk has-body-font-family has-medium-font-size\" style=\"font-style:normal;font-weight:600\">Coordena\u00e7\u00e3o, Supervis\u00e3o e Projetos<\/h3>\n\n\n\n<p class=\"has-text-align-left\">Coordena\u00e7\u00e3o e supervis\u00e3o de montagem<\/p>\n\n\n\n<p>Desenvolvimento de projetos complexos<\/p>\n\n\n\n<p>Instala\u00e7\u00f5es industriais, comerciais e residenciais<\/p>\n<\/div>\n\n\n\n<div class=\"wp-block-column is-layout-flow wp-container-core-column-is-layout-e3d1c41b wp-block-column-is-layout-flow\">\n<h3 class=\"wp-block-heading has-text-align-left is-style-asterisk has-body-font-family has-medium-font-size\" style=\"font-style:normal;font-weight:600\">Consultoria e redu\u00e7\u00e3o de custos<\/h3>\n\n\n\n<p class=\"has-text-align-left\">Energia el\u00e9trica<\/p>\n\n\n\n<p>Ilumina\u00e7\u00e3o e climatiza\u00e7\u00e3o<\/p>\n\n\n\n<p>Vapor, Ar comprimido e Fluido T\u00e9rmico<\/p>\n<\/div>\n<\/div>\n<\/div>\n\n\n\n<div class=\"wp-block-group alignfull has-global-padding is-layout-constrained wp-container-core-group-is-layout-d89aad35 wp-block-group-is-layout-constrained\" style=\"margin-top:0;margin-bottom:0;padding-top:var(--wp--preset--spacing--50);padding-right:var(--wp--preset--spacing--50);padding-bottom:var(--wp--preset--spacing--50);padding-left:var(--wp--preset--spacing--50)\">\n<div class=\"wp-block-group alignwide has-global-padding is-layout-constrained wp-container-core-group-is-layout-19e250f3 wp-block-group-is-layout-constrained\">\n<div class=\"wp-block-group is-vertical is-content-justification-center is-layout-flex wp-container-core-group-is-layout-6329a8f3 wp-block-group-is-layout-flex\">\n<h2 class=\"wp-block-heading has-text-align-center is-style-asterisk\"><\/h2>\n<\/div>\n\n\n\n<div style=\"height:var(--wp--preset--spacing--40)\" aria-hidden=\"true\" class=\"wp-block-spacer\"><\/div>\n\n\n\n<div class=\"wp-block-columns alignwide is-layout-flex wp-container-core-columns-is-layout-d1c656ed wp-block-columns-is-layout-flex\">\n<div class=\"wp-block-column is-vertically-aligned-center is-layout-flow wp-block-column-is-layout-flow\" style=\"flex-basis:40%\">\n<h3 class=\"wp-block-heading is-style-asterisk\">O que faz a Mazzuia ser a escolha certa<\/h3>\n\n\n\n<ul style=\"line-height:1.75\" class=\"wp-block-list is-style-checkmark-list\">\n<li>Experi\u00eancia real em campo (ind\u00fastria, com\u00e9rcio e resid\u00eancia)<\/li>\n\n\n\n<li>Atendimento consultivo (n\u00e3o \u00e9 \u201cservi\u00e7o padr\u00e3o\u201d)<\/li>\n\n\n\n<li>Entrega com documenta\u00e7\u00e3o t\u00e9cnica e rastreabilidade<\/li>\n\n\n\n<li>Foco em efici\u00eancia energ\u00e9tica e redu\u00e7\u00e3o de custos<\/li>\n\n\n\n<li>Compromisso com seguran\u00e7a e normas<\/li>\n<\/ul>\n<\/div>\n\n\n\n<div class=\"wp-block-column is-layout-flow wp-block-column-is-layout-flow\" style=\"flex-basis:50%\">\n<figure class=\"wp-block-image size-large is-style-rounded is-style-rounded--2\"><img decoding=\"async\" src=\"http:\/\/mazzuia.com.br\/wp-content\/themes\/twentytwentyfour\/assets\/images\/tourist-and-building.webp\" alt=\"Turista tirando foto de um pr\u00e9dio\"\/><\/figure>\n<\/div>\n<\/div>\n\n\n\n<div style=\"height:var(--wp--preset--spacing--40)\" aria-hidden=\"true\" class=\"wp-block-spacer\"><\/div>\n\n\n\n<div class=\"wp-block-columns alignwide is-layout-flex wp-container-core-columns-is-layout-d1c656ed wp-block-columns-is-layout-flex\">\n<div class=\"wp-block-column is-layout-flow wp-block-column-is-layout-flow\" style=\"flex-basis:50%\">\n<figure class=\"wp-block-image size-large is-style-rounded is-style-rounded--3\"><img decoding=\"async\" src=\"http:\/\/mazzuia.com.br\/wp-content\/themes\/twentytwentyfour\/assets\/images\/windows.webp\" alt=\"Janelas de um edif\u00edcio em Nuremberg, Alemanha\"\/><\/figure>\n<\/div>\n\n\n\n<div class=\"wp-block-column is-vertically-aligned-center is-layout-flow wp-block-column-is-layout-flow\" style=\"flex-basis:40%\">\n<h3 class=\"wp-block-heading is-style-asterisk\">Contato<\/h3>\n\n\n\n<ul style=\"line-height:1.75\" class=\"wp-block-list is-style-checkmark-list\">\n<li><strong>Telefone:<\/strong> (15) 9 9606-0225<\/li>\n\n\n\n<li><strong>WhatsApp:<\/strong> (15) 9 9798-0054<\/li>\n\n\n\n<li><strong>Endere\u00e7o:<\/strong> Rua Tiet\u00ea, 270 &#8211; Trujillo Sorocaba \u2013 SP<\/li>\n\n\n\n<li><strong>Hor\u00e1rio:<\/strong> Seg a Sex \u2014 09:00 \u00e0s 17:00<\/li>\n<\/ul>\n\n\n\n<div class=\"wp-block-group is-content-justification-center is-nowrap is-layout-flex wp-container-core-group-is-layout-bfbbbc10 wp-block-group-is-layout-flex\">\n<ul class=\"wp-block-social-links is-layout-flex wp-block-social-links-is-layout-flex\"><li class=\"wp-social-link wp-social-link-facebook  wp-block-social-link\"><a href=\"https:\/\/www.facebook.com\/mazzuiaengenharia\" class=\"wp-block-social-link-anchor\"><svg width=\"24\" height=\"24\" viewBox=\"0 0 24 24\" version=\"1.1\" xmlns=\"http:\/\/www.w3.org\/2000\/svg\" aria-hidden=\"true\" focusable=\"false\"><path d=\"M12 2C6.5 2 2 6.5 2 12c0 5 3.7 9.1 8.4 9.9v-7H7.9V12h2.5V9.8c0-2.5 1.5-3.9 3.8-3.9 1.1 0 2.2.2 2.2.2v2.5h-1.3c-1.2 0-1.6.8-1.6 1.6V12h2.8l-.4 2.9h-2.3v7C18.3 21.1 22 17 22 12c0-5.5-4.5-10-10-10z\"><\/path><\/svg><span class=\"wp-block-social-link-label screen-reader-text\">Facebook<\/span><\/a><\/li>\n\n<li class=\"wp-social-link wp-social-link-mail  wp-block-social-link\"><a href=\"mailto:cont&#097;to&#064;m&#097;zz&#117;ia&#046;&#099;&#111;&#109;&#046;b&#114;\" class=\"wp-block-social-link-anchor\"><svg width=\"24\" height=\"24\" viewBox=\"0 0 24 24\" version=\"1.1\" xmlns=\"http:\/\/www.w3.org\/2000\/svg\" aria-hidden=\"true\" focusable=\"false\"><path d=\"M19,5H5c-1.1,0-2,.9-2,2v10c0,1.1.9,2,2,2h14c1.1,0,2-.9,2-2V7c0-1.1-.9-2-2-2zm.5,12c0,.3-.2.5-.5.5H5c-.3,0-.5-.2-.5-.5V9.8l7.5,5.6,7.5-5.6V17zm0-9.1L12,13.6,4.5,7.9V7c0-.3.2-.5.5-.5h14c.3,0,.5.2.5.5v.9z\"><\/path><\/svg><span class=\"wp-block-social-link-label screen-reader-text\">E-mail<\/span><\/a><\/li>\n\n<li class=\"wp-social-link wp-social-link-whatsapp  wp-block-social-link\"><a href=\"https:\/\/wa.me\/5515997980054?text=Ol%C3%A1%2C%20vi%20seu%20contato%20no%20site.%20Gostaria%20de%20solicitar%20um%20or%C3%A7amento\" class=\"wp-block-social-link-anchor\"><svg width=\"24\" height=\"24\" viewBox=\"0 0 24 24\" version=\"1.1\" xmlns=\"http:\/\/www.w3.org\/2000\/svg\" aria-hidden=\"true\" focusable=\"false\"><path d=\"M 12.011719 2 C 6.5057187 2 2.0234844 6.478375 2.0214844 11.984375 C 2.0204844 13.744375 2.4814687 15.462563 3.3554688 16.976562 L 2 22 L 7.2324219 20.763672 C 8.6914219 21.559672 10.333859 21.977516 12.005859 21.978516 L 12.009766 21.978516 C 17.514766 21.978516 21.995047 17.499141 21.998047 11.994141 C 22.000047 9.3251406 20.962172 6.8157344 19.076172 4.9277344 C 17.190172 3.0407344 14.683719 2.001 12.011719 2 z M 12.009766 4 C 14.145766 4.001 16.153109 4.8337969 17.662109 6.3417969 C 19.171109 7.8517969 20.000047 9.8581875 19.998047 11.992188 C 19.996047 16.396187 16.413812 19.978516 12.007812 19.978516 C 10.674812 19.977516 9.3544062 19.642812 8.1914062 19.007812 L 7.5175781 18.640625 L 6.7734375 18.816406 L 4.8046875 19.28125 L 5.2851562 17.496094 L 5.5019531 16.695312 L 5.0878906 15.976562 C 4.3898906 14.768562 4.0204844 13.387375 4.0214844 11.984375 C 4.0234844 7.582375 7.6067656 4 12.009766 4 z M 8.4765625 7.375 C 8.3095625 7.375 8.0395469 7.4375 7.8105469 7.6875 C 7.5815469 7.9365 6.9355469 8.5395781 6.9355469 9.7675781 C 6.9355469 10.995578 7.8300781 12.182609 7.9550781 12.349609 C 8.0790781 12.515609 9.68175 15.115234 12.21875 16.115234 C 14.32675 16.946234 14.754891 16.782234 15.212891 16.740234 C 15.670891 16.699234 16.690438 16.137687 16.898438 15.554688 C 17.106437 14.971687 17.106922 14.470187 17.044922 14.367188 C 16.982922 14.263188 16.816406 14.201172 16.566406 14.076172 C 16.317406 13.951172 15.090328 13.348625 14.861328 13.265625 C 14.632328 13.182625 14.464828 13.140625 14.298828 13.390625 C 14.132828 13.640625 13.655766 14.201187 13.509766 14.367188 C 13.363766 14.534188 13.21875 14.556641 12.96875 14.431641 C 12.71875 14.305641 11.914938 14.041406 10.960938 13.191406 C 10.218937 12.530406 9.7182656 11.714844 9.5722656 11.464844 C 9.4272656 11.215844 9.5585938 11.079078 9.6835938 10.955078 C 9.7955938 10.843078 9.9316406 10.663578 10.056641 10.517578 C 10.180641 10.371578 10.223641 10.267562 10.306641 10.101562 C 10.389641 9.9355625 10.347156 9.7890625 10.285156 9.6640625 C 10.223156 9.5390625 9.737625 8.3065 9.515625 7.8125 C 9.328625 7.3975 9.131125 7.3878594 8.953125 7.3808594 C 8.808125 7.3748594 8.6425625 7.375 8.4765625 7.375 z\"><\/path><\/svg><span class=\"wp-block-social-link-label screen-reader-text\">WhatsApp<\/span><\/a><\/li><\/ul>\n<\/div>\n<\/div>\n<\/div>\n<\/div>\n<\/div>\n\n\n\n<div class=\"wp-block-group alignfull has-global-padding is-layout-constrained wp-container-core-group-is-layout-d89aad35 wp-block-group-is-layout-constrained\" style=\"margin-top:0;margin-bottom:0;padding-top:var(--wp--preset--spacing--50);padding-right:var(--wp--preset--spacing--50);padding-bottom:var(--wp--preset--spacing--50);padding-left:var(--wp--preset--spacing--50)\">\n<div class=\"wp-block-group alignwide has-base-2-background-color has-background has-global-padding is-layout-constrained wp-container-core-group-is-layout-39412042 wp-block-group-is-layout-constrained\" style=\"border-radius:16px;padding-top:var(--wp--preset--spacing--40);padding-right:var(--wp--preset--spacing--50);padding-bottom:var(--wp--preset--spacing--40);padding-left:var(--wp--preset--spacing--50)\">\n<div style=\"height:var(--wp--preset--spacing--10)\" aria-hidden=\"true\" class=\"wp-block-spacer\"><\/div>\n\n\n\n<h2 class=\"wp-block-heading has-text-align-center has-x-large-font-size\">Precisa de um projeto, laudo ou manuten\u00e7\u00e3o?<\/h2>\n\n\n\n<p class=\"has-text-align-center\">Fale com a Mazzuia e receba orienta\u00e7\u00e3o t\u00e9cnica para tomar a decis\u00e3o certa \u2014 com agilidade e responsabilidade.<\/p>\n\n\n\n<div class=\"wp-block-buttons is-content-justification-center is-layout-flex wp-container-core-buttons-is-layout-a89b3969 wp-block-buttons-is-layout-flex\">\n<div class=\"wp-block-button\"><a class=\"wp-block-button__link wp-element-button\" href=\"https:\/\/wa.me\/5515997980054?text=Ol%C3%A1%2C%20vi%20seu%20contato%20no%20site.%20Gostaria%20de%20solicitar%20um%20or%C3%A7amento\">Whatsapp<\/a><\/div>\n<\/div>\n\n\n\n<div style=\"height:var(--wp--preset--spacing--10)\" aria-hidden=\"true\" class=\"wp-block-spacer\"><\/div>\n<\/div>\n<\/div>\n\n\n\n<p><\/p>\n","protected":false},"excerpt":{"rendered":"<p>Engenharia completa para Sorocaba e Regi\u00e3o Projetos, manuten\u00e7\u00e3o preventiva e laudos t\u00e9cnicos nas \u00e1reas El\u00e9trica, Mec\u00e2nica e Civil \u2014 com mais de 30 anos de experi\u00eancia em ambientes industriais, comerciais e residenciais. Tradi\u00e7\u00e3o, responsabilidade e engenharia de ponta A Mazzuia \u00e9 uma empresa familiar iniciada em agosto de 2017, formada por engenheiros com mais de [&hellip;]<\/p>\n","protected":false},"author":1,"featured_media":0,"parent":0,"menu_order":0,"comment_status":"closed","ping_status":"closed","template":"page-no-title","meta":{"footnotes":""},"class_list":["post-67","page","type-page","status-publish","hentry"],"_links":{"self":[{"href":"https:\/\/mazzuia.com.br\/index.php?rest_route=\/wp\/v2\/pages\/67","targetHints":{"allow":["GET"]}}],"collection":[{"href":"https:\/\/mazzuia.com.br\/index.php?rest_route=\/wp\/v2\/pages"}],"about":[{"href":"https:\/\/mazzuia.com.br\/index.php?rest_route=\/wp\/v2\/types\/page"}],"author":[{"embeddable":true,"href":"https:\/\/mazzuia.com.br\/index.php?rest_route=\/wp\/v2\/users\/1"}],"replies":[{"embeddable":true,"href":"https:\/\/mazzuia.com.br\/index.php?rest_route=%2Fwp%2Fv2%2Fcomments&post=67"}],"version-history":[{"count":12,"href":"https:\/\/mazzuia.com.br\/index.php?rest_route=\/wp\/v2\/pages\/67\/revisions"}],"predecessor-version":[{"id":82,"href":"https:\/\/mazzuia.com.br\/index.php?rest_route=\/wp\/v2\/pages\/67\/revisions\/82"}],"wp:attachment":[{"href":"https:\/\/mazzuia.com.br\/index.php?rest_route=%2Fwp%2Fv2%2Fmedia&parent=67"}],"curies":[{"name":"wp","href":"https:\/\/api.w.org\/{rel}","templated":true}]}}